{"id":18,"date":"2020-10-05T11:28:54","date_gmt":"2020-10-05T09:28:54","guid":{"rendered":"http:\/\/deinstromer.com\/?page_id=18"},"modified":"2020-12-28T19:09:39","modified_gmt":"2020-12-28T18:09:39","slug":"impressum-datenschutz","status":"publish","type":"page","link":"https:\/\/deinstromer.com\/?page_id=18","title":{"rendered":"Impressum | Datenschutz"},"content":{"rendered":"\n<h2 id=\"structure_ueberschrift\">Datenschutzerkl\u00e4rung<\/h2>\n\n\n\n<h4 id=\"verantwortlicher\">Verantwortlich f\u00fcr den Inhalt nach \u00a7 55 Abs. 2 RStV<\/h4>\n\n\n\n<p>Wir freuen uns \u00fcber Ihren Besuch auf unserer Website. <\/p>\n\n\n\n<p>Verantwortliche Stelle im Sinne des Datenschutzrechts:<br><br>Manfred Albert<br>Brunnenstrasse 7<br>65520 Bad Camberg<\/p>\n\n\n\n<p>Telefon: +49 1512 8723897<br>E-Mail: <a href=\"mailto:manfred.albert@deinstromer.com\">manfred.albert@deinstromer.com<\/a><\/p>\n\n\n\n<h6 id=\"steuer\">Steuernummer: 3080161893<\/h6>\n\n\n\n<h5 id=\"journalist\"><\/h5>\n\n\n\n<p><\/p>\n\n\n\n<p><\/p>\n\n\n\n<p><\/p>\n\n\n\n<h2 id=\"allgemein096\">Allgemeines<\/h2>\n\n\n\n<p>Wir m\u00f6chten Sie in \u00dcbereinstimmung mit unserer gesetzlichen Verpflichtung \u00fcber die Erhebung und Verwendung ihrer personenbezogenen Daten informieren.<br><br>Wenn Sie unsere Website nutzen, werden personenbezogene Daten \u00fcber Sie erfasst. Dies kann dadurch erfolgen, dass Sie die Daten eigenst\u00e4ndig eingeben \u2013 wie z.B. Ihre Mailadresse. Unser System erfasst Daten von Ihnen aber auch automatisch, wie etwa Ihren Besuch auf unserer Website. Dies erfolgt unabh\u00e4ngig davon, mit welchem Ger\u00e4t oder mit welcher Software Sie unsere Website nutzen.<br><br>Jegliche Eingabe von Daten durch Sie auf unserer Website ist freiwillig, es treten durch die Nichtpreisgabe Ihrer Daten f\u00fcr Sie keine Nachteile ein. Ohne bestimmte Daten ist es uns aber nicht m\u00f6glich, Leistungen zu erbringen oder Vertr\u00e4ge zu schlie\u00dfen. Auf derartige Pflichtangaben werden wir Sie jeweils hinweisen.<br><br>Auf dieser Webseite werden personenbezogene Daten des Nutzers nur im Rahmen des geltenden Datenschutzrechts, insbesondere der Datenschutzgrundverordnung (DSGVO), erhoben. Die in dem Text verwendeten Fachbegriffe werden in Art. 4 der DSGVO n\u00e4her erl\u00e4utert.<br><br>Eine Datenverarbeitung ist nach der DSGVO insbesondere in drei F\u00e4llen erlaubt:<br><\/p>\n\n\n\n<ul><li>nach Art. 6 Abs. 1 lit. a und 7 DSGVO, wenn Sie in die Datenverarbeitung durch uns eingewilligt haben; jeweils werden wir Sie vorher in dieser Datenschutzerkl\u00e4rung und anl\u00e4sslich der Einwilligung nach Ma\u00dfgabe von Art. 4 Nr. 11 DSGVO genau unterrichten, wozu und unter welchen Umst\u00e4nden Ihre Daten von uns verarbeitet werden;<\/li><li>nach Art. 6 Abs. 1 lit. b DSGVO, wenn die Verarbeitung Ihrer personenbezogenen Daten f\u00fcr die Anbahnung, den Abschluss oder die Abwicklung eines Vertragsverh\u00e4ltnisses erforderlich ist;<\/li><li>nach Art. 6 Abs. 1 lit. f DSGVO, wenn nach einer Interessenabw\u00e4gung die Verarbeitung zur Wahrung unserer berechtigten Interessen erforderlich ist; dazu geh\u00f6ren insbesondere unsere Interessen, das Angebot auf unserer Website zu analysieren, zu optimieren und abzusichern \u2013 darunter fallen vor allem eine Analyse des Nutzerverhaltens, die Erstellung von Profilen f\u00fcr Werbezwecke und die Speicherung von Zugriffsdaten sowie der Einsatz von dritten Anbietern.<\/li><\/ul>\n\n\n\n<h3 id=\"allgemein096_bestand\">Bestandsdaten<\/h3>\n\n\n\n<p>Wir erheben Bestandsdaten soweit sie f\u00fcr die Begr\u00fcndung, inhaltliche Ausgestaltung oder \u00c4nderung eines (auch unentgeltlichen) Vertragsverh\u00e4ltnisses zwischen uns und dem Nutzer erforderlich sind. Dazu k\u00f6nnen geh\u00f6ren: Kundendaten (z.B. Name, Adresse), Kontaktdaten (z.B. E-Mail-Adresse, Telefonnummer), Leistungsdaten (z.B. bestellte Leistung, Laufzeit, Entgelt). Bei der Begr\u00fcndung des Nutzungsverh\u00e4ltnisses werden wir diese Daten von Ihnen abfragen (z.B. Name, Anschrift und Mail-Adresse) und Ihnen auch mitteilen, inwieweit die Angabe jeweils verbindlich erforderlich ist, um das Nutzungsverh\u00e4ltnis zu begr\u00fcnden.<\/p>\n\n\n\n<h3 id=\"allgemein096_nutzung\">Nutzungsdaten<\/h3>\n\n\n\n<p>Weiter erheben wir Nutzungsdaten, um die Inanspruchnahme der Dienste auf unserer Website durch den Nutzer zu erm\u00f6glichen. Dazu k\u00f6nnen geh\u00f6ren: Nutzungsangaben (z.B. aufgerufene Webseiten oder Bereiche, Besuchsdauer, Interesse an Leistungen), Inhaltsdaten (z.B. von Ihnen eingegebene oder hochgeladene Daten, Texte, Bilder, T\u00f6ne, Videos), Metadaten (z.B. Identit\u00e4t Ihres Ger\u00e4tes, Standort, IP-Adresse).<br><br>Eine Zusammenf\u00fchrung von Nutzungsdaten wird von uns nur vorgenommen, sofern und soweit dies f\u00fcr Abrechnungszwecke erforderlich ist. Ansonsten werden wir Nutzungsdaten nur pseudonym erstellen und nur, soweit Sie dem nicht widersprochen haben. Diesen Widerspruch k\u00f6nnen Sie jederzeit an die in dem Impressum angegebene Anschrift oder den in dieser Datenschutzerkl\u00e4rung genannten Verantwortlichen senden.<br><br>Rechtsgrundlage f\u00fcr diese Datenverarbeitung sind zum einen unsere berechtigten Interessen gem. Art. 6 Abs. 1 lit. f DSGVO an der Analyse der Website und ihrer Nutzung, gegebenenfalls auch die gesetzliche Erlaubnis zur Speicherung von Daten im Rahmen der Anbahnung eines Vertragsverh\u00e4ltnisses gem. Art. 6 Abs. 1 lit. b DSGVO.<\/p>\n\n\n\n<h2 id=\"erstkontakt\">Erstkontakt durch elektronische Anfrage<\/h2>\n\n\n\n<p>Kontaktieren Sie uns in elektronischer Form (z.B. Mail, Fax, Telefon, Messenger, etc.), speichern und verarbeiten wir die Daten, die Sie uns bekannt gegeben haben (z.B. Name, Kontaktinformationen, Inhalt der Anfrage). Rechtsgrundlage daf\u00fcr ist unser berechtigtes Interesse an effektiver Kundenkommunikation gem. Art. 6 Abs. 1 lit. a DSGVO und, soweit es um eine Anfrage zur Eingehung oder Erf\u00fcllung eines Vertrages geht, auch Art. 6 Abs. 1 lit. b DSGVO.<br>Diese Daten werden wir an Dritte nur weitergeben, soweit es (nach Art. 6 Abs. 1 lit. b DSGVO) f\u00fcr die Erf\u00fcllung des Vertrages erforderlich ist, dies dem \u00fcberwiegenden Interesse an einer effektiven Leistung (gem. Art. 6 Abs. 1 lit. f DSGVO) entspricht oder Ihre Einwilligung (nach Art. 6 Abs. 1 lit. a DSGVO) oder eine sonstige gesetzliche Erlaubnis oder Pflicht vorliegt.<br>Sie k\u00f6nnen von uns jederzeit unentgeltlich Auskunft \u00fcber Zweck der Verarbeitung, Herkunft und ggf. Empf\u00e4nger Ihrer personenbezogenen Daten verlangen. Weiter k\u00f6nnen Sie die Berichtigung, die L\u00f6schung und die Einschr\u00e4nkung der Verarbeitung Ihrer personenbezogenen Daten geltend machen. Sie k\u00f6nnen jederzeit Widerspruch gegen die (weitere) Verarbeitung Ihrer Daten erheben und haben ein Recht auf Daten\u00fcbertragbarkeit sowie ein Recht auf Beschwerde bei der zust\u00e4ndigen Aufsichtsbeh\u00f6rde.<br>Ihre Daten bleiben grunds\u00e4tzlich nur so lange gespeichert, wie es der Zweck der jeweiligen Datenverarbeitung erfordert. Eine weitergehende Speicherung kommt vor allem in Betracht, wenn dies zur Rechtsverfolgung oder aus berechtigten Interessen noch erforderlich ist oder eine gesetzliche Pflicht besteht, die Daten noch aufzubewahren (z.B. steuerliche Aufbewahrungsfristen, Verj\u00e4hrungsfrist).<\/p>\n\n\n\n<h2 id=\"einwilligung\">Einwilligung<\/h2>\n\n\n\n<p>Soweit wir Sie um Ihre Einwilligung bitten, Ihre Daten zu verarbeiten, werden wir Sie in klarer Sprache und leicht zug\u00e4nglich dar\u00fcber informieren, f\u00fcr welche F\u00e4lle Sie Ihre Einwilligung erteilen. Jede von uns erbetene Einwilligung ist freiwillig, jeden Vorteil, den Sie durch die Erteilung einer Einwilligung erlangen m\u00f6chten, k\u00f6nnen Sie auch ohne die Einwilligung bekommen, fragen Sie uns einfach.<br><br>F\u00fcr jede Einwilligung gilt, dass Sie das Recht haben, jederzeit eine uns erteilte Einwilligung zur Verarbeitung Ihrer personenbezogenen Daten zu widerrufen. Dies kann durch eine formlose Mitteilung erfolgen, z.B. \u00fcber unser Kontaktformular, eine Mail an die im Impressum angegebene Mail-Adresse oder einen Abmeldelink (soweit von uns angeboten). Ihr Widerruf ber\u00fchrt die Rechtm\u00e4\u00dfigkeit der bis dahin vorgenommenen Datenverarbeitung nicht.<\/p>\n\n\n\n<h2 id=\"speicherdauer\">Speicherdauer<\/h2>\n\n\n\n<p>Ihre Daten bleiben grunds\u00e4tzlich nur so lange gespeichert, wie es der Zweck der jeweiligen Datenverarbeitung erfordert. Eine weitergehende Speicherung kommt vor allem in Betracht, wenn dies zur Rechtsverfolgung durch uns oder aus unseren sonstigen berechtigten Interessen noch erforderlich ist.<br>F\u00fcr Ihre Bestandsdaten, die zur Erf\u00fcllung eines (auch unentgeltlichen) Vertragsverh\u00e4ltnisses erforderlich waren, bedeutet das, dass wir diese bis zur vollst\u00e4ndigen Erf\u00fcllung oder Beendigung des Vertragsverh\u00e4ltnisses zuz\u00fcglich der Verj\u00e4hrungsfrist (die generell 2 oder 3 Jahre betr\u00e4gt) nebst eines angemessenen Aufschlages f\u00fcr eine eventuelle Unterbrechung der Verj\u00e4hrung speichern.<br>F\u00fcr Ihre Nutzungsdaten, die anl\u00e4sslich Ihrer Nutzung der Website erfasst wurden, bedeutet das, das wir diese nur so lange speichern, wie dies f\u00fcr die ordnungsgem\u00e4\u00dfe Funktion unserer Website noch erforderlich ist und unser berechtigtes Interesse reicht. Statistische Angaben werden wir in erster Linie nur pseudonomysiert speichern.<br>Dar\u00fcber hinaus speichern wir Ihre Daten noch, soweit wir dazu gesetzlich verpflichtet sind. Das sind insbesondere die steuerlichen Aufbewahrungsfristen, die grunds\u00e4tzlich 6 oder gar 10 Jahre betragen.<\/p>\n\n\n\n<h2 id=\"cookie\">Cookies<\/h2>\n\n\n\n<h3 id=\"cookie_hint\">Notwendige Cookies<\/h3>\n\n\n\n<p>Unsere Webseite benutzt im Rahmen unseres berechtigten Interesses an einem technisch einwandfreien Online Angebot und seiner wirtschaftlich-effizienten Gestaltung und Optimierung gem. Art. 6 Abs. 1 lit. f DSGVO Cookies und ggf. Technologien mit \u00e4hnlicher Zielrichtung wie Pixel, Web-Beacons oder Tags. Cookies sind Textdateien, die auf Ihrem Computer gespeichert werden und bestimmte Daten \u00fcber Ihr Nutzerverhalten speichern. Cookies k\u00f6nnen \u201eSession- Cookies\u201c sein, die zum Ende Ihres Besuches auf unserer Webseite automatisch gel\u00f6scht werden. Es gibt aber auch persistente Cookies, die f\u00fcr eine gewisse Dauer auf ihrem Computer gespeichert werden, sofern Sie diese nicht l\u00f6schen. Dann ist es uns m\u00f6glich, Ihren Browser beim n\u00e4chsten Aufruf unserer Webseite wieder zu erkennen und Ihnen Funktionen entsprechend Ihrer bisherigen<br>Nutzung zur Verf\u00fcgung zu stellen.<br>Unsere Website verwendet jedoch nur Cookies, die f\u00fcr die Nutzung unserer<br>Website notwendig sind und insbesondere keine externen Tracking- oder Werbecookies.<br>Ihr Browser erm\u00f6glicht Ihnen, die Verwendung von Cookies ganz oder im Einzelfall zu verhindern. Bitte informieren Sie sich dazu in der Bedienungsanleitung f\u00fcr Ihren Browser. Sie k\u00f6nnen Cookies auch l\u00f6schen, einige Anweisungen dazu haben wir hier zusammengestellt:<br><br>f\u00fcr Chrome: <a href=\"https:\/\/support.google.com\/chrome\/answer\/95647?co=GENIE.Platform%3DDesktop&amp;hl=de\" target=\"_blank\" rel=\"noreferrer noopener\">https:\/\/support.google.com\/chrome\/answer\/95647?co=GENIE.Platform%3DDesktop&amp;hl=de<\/a><br>f\u00fcr Safari: <a href=\"https:\/\/support.apple.com\/de-de\/guide\/safari\/sfri11471\/mac\" target=\"_blank\" rel=\"noreferrer noopener\">https:\/\/support.apple.com\/de-de\/guide\/safari\/sfri11471\/mac<\/a><br>f\u00fcr Firefox: <a href=\"https:\/\/support.mozilla.org\/de\/kb\/cookies-und-website-daten-in-firefox-loschen\" target=\"_blank\" rel=\"noreferrer noopener\">https:\/\/support.mozilla.org\/de\/kb\/cookies-und-website-daten-in-firefox-loschen<\/a><br>f\u00fcr Edge: <a href=\"https:\/\/support.microsoft.com\/de-de\/help\/17442\/windows-internet-explorer-delete-manage-cookies\" target=\"_blank\" rel=\"noreferrer noopener\">https:\/\/support.microsoft.com\/de-de\/help\/17442\/windows-internet-explorer-delete-manage-cookies<\/a><br>f\u00fcr Internet Explorer: <a href=\"https:\/\/support.microsoft.com\/de-de\/help\/278835\/how-to-delete-cookie-files-in-internet-explorer\" target=\"_blank\" rel=\"noreferrer noopener\">https:\/\/support.microsoft.com\/de-de\/help\/278835\/how-to-delete-cookie-files-in-internet-explorer<\/a><br><br>Die Sperrung von Cookies kann die Funktion unserer und anderer von Ihnen besuchter Webseiten einschr\u00e4nken.<br>Mehr Informationen dazu, wie Sie insbesondere Drittanbieter-Cookies und Technologien mit \u00e4hnlicher Zweckrichtung verwalten, beschr\u00e4nken oder ganz ausstellen k\u00f6nnen finden Sie insbesondere unter:<br><a href=\"https:\/\/www.aboutads.info\/choices\" target=\"_blank\" rel=\"noreferrer noopener\">https:\/\/www.aboutads.info\/choices<\/a><br><a href=\"https:\/\/www.youronlinechoices.eu\" target=\"_blank\" rel=\"noreferrer noopener\">https:\/\/www.youronlinechoices.eu<\/a><br><a href=\"https:\/\/www.networkadvertising.org\/choices\" target=\"_blank\" rel=\"noreferrer noopener\">https:\/\/www.networkadvertising.org\/choices<\/a><\/p>\n\n\n\n<h2 id=\"nutzerrechte\">Rechte der Nutzer<\/h2>\n\n\n\n<p>Sie k\u00f6nnen von uns jederzeit kostenfrei Auskunft \u00fcber die von uns \u00fcber Sie gespeicherten personenbezogenen Daten verlangen. Hierbei wird zur Verhinderung von Missbrauch eine Identifikation Ihrer Person erforderlich.<\/p>\n\n\n\n<h3 id=\"nutzerrechte_loeschung\">L\u00f6schung, Berichtigung, Einschr\u00e4nkung<\/h3>\n\n\n\n<p>Sie k\u00f6nnen von uns jederzeit Berichtigung (auch durch Erg\u00e4nzung) unrichtiger Daten verlangen sowie eine Einschr\u00e4nkung ihrer Verarbeitung oder auch die L\u00f6schung Ihrer Daten. Dies gilt insbesondere, wenn der Verarbeitungszweck erloschen ist, eine erforderliche Einwilligung widerrufen wurde und keine andere Rechtsgrundlage vorliegt oder unsere Datenverarbeitung unrechtm\u00e4\u00dfig ist. Wir werden Ihre personenbezogenen Daten dann im gesetzlichen Rahmen unverz\u00fcglich berichtigen, sperren oder gar l\u00f6schen.<\/p>\n\n\n\n<h3 id=\"nutzerrechte_widerspruch\">Widerspruch<\/h3>\n\n\n\n<p>JEDER VERARBEITUNG IHRER PERSONENBEZOGENEN DATEN, DIE WIR AUF EINE ABW\u00c4GUNG MIT IHREN INTERESSEN NACH ART. 6 ABS. 1 lit. f DSGVO ST\u00dcTZEN, K\u00d6NNEN SIE JEDERZEIT WIDERSPRECHEN, WENN DAF\u00dcR GR\u00dcNDE BESTEHEN, DIE SICH AUS IHRER BESONDEREN PERS\u00d6NLICHEN SITUATION ERGEBEN.<br>WIR VERARBEITEN IHRE DATEN DANN NICHT MEHR, ES SEI DENN, WIR K\u00d6NNEN ZWINGENDE SCHUTZW\u00dcRDIGE GR\u00dcNDE F\u00dcR DIE VERARBEITUNG NACHWEISEN, DIE DIE INTERESSEN, RECHTE UND FREIHEITEN VON IHNEN \u00dcBERWIEGEN ODER DIE VERARBEITUNG DIENT DER GELTENDMACHUNG, AUS\u00dcBUNG ODER VERTEIDIGUNG VON RECHTSANSPR\u00dcCHEN UNSERERSEITS.<\/p>\n\n\n\n<h3 id=\"nutzerrechte_datenuebertragung\">Daten\u00fcbertragung<\/h3>\n\n\n\n<p>Sie k\u00f6nnen von uns die \u00dcbertragung der zu Ihrer Person gespeicherten Daten in maschinenlesbarer Form verlangen.<\/p>\n\n\n\n<h3 id=\"nutzerrechte_beschwerde\">Beschwerde<\/h3>\n\n\n\n<p>Soweit Sie sich durch unsere Datenverarbeitung in Ihren Rechten verletzt f\u00fchlen, k\u00f6nnen Sie bei der zust\u00e4ndigen Aufsichtsbeh\u00f6rde (<a href=\"https:\/\/www.bfdi.bund.de\/DE\/Infothek\/Anschriften_Links\/anschriften_links-node.html\" target=\"_blank\" rel=\"noreferrer noopener\">hier<\/a> finden Sie eine Liste der Beh\u00f6rden) eine Beschwerde einreichen.<\/p>\n\n\n\n<h2 id=\"aenderungdse\">\u00c4nderung der Datenschutzerkl\u00e4rung<\/h2>\n\n\n\n<p>Sofern einmal eine \u00c4nderung der Datenschutzerkl\u00e4rung aus rechtlichen oder tats\u00e4chlichen Gr\u00fcnden erforderlich wird, werden wir diese Seite entsprechend aktualisieren. Dabei werden keine \u00c4nderungen an den vom Nutzer erteilten Einwilligungen vorgenommen.<\/p>\n\n\n\n<p><br>Es gilt unsere aktuelle Datenschutzerkl\u00e4rung vom 04.10.2020<\/p>\n\n\n\n<p>(c) 2020 DeinStromer<\/p>\n","protected":false},"excerpt":{"rendered":"<p>Datenschutzerkl\u00e4rung Verantwortlich f\u00fcr den Inhalt nach \u00a7 55 Abs. 2 RStV Wir freuen uns \u00fcber Ihren Besuch auf unserer Website. Verantwortliche Stelle im Sinne des Datenschutzrechts: Manfred AlbertBrunnenstrasse 765520 Bad &#8230;<\/p>\n","protected":false},"author":1,"featured_media":0,"parent":0,"menu_order":0,"comment_status":"closed","ping_status":"closed","template":"","meta":{"spay_email":""},"_links":{"self":[{"href":"https:\/\/deinstromer.com\/index.php?rest_route=\/wp\/v2\/pages\/18"}],"collection":[{"href":"https:\/\/deinstromer.com\/index.php?rest_route=\/wp\/v2\/pages"}],"about":[{"href":"https:\/\/deinstromer.com\/index.php?rest_route=\/wp\/v2\/types\/page"}],"author":[{"embeddable":true,"href":"https:\/\/deinstromer.com\/index.php?rest_route=\/wp\/v2\/users\/1"}],"replies":[{"embeddable":true,"href":"https:\/\/deinstromer.com\/index.php?rest_route=%2Fwp%2Fv2%2Fcomments&post=18"}],"version-history":[{"count":6,"href":"https:\/\/deinstromer.com\/index.php?rest_route=\/wp\/v2\/pages\/18\/revisions"}],"predecessor-version":[{"id":1569,"href":"https:\/\/deinstromer.com\/index.php?rest_route=\/wp\/v2\/pages\/18\/revisions\/1569"}],"wp:attachment":[{"href":"https:\/\/deinstromer.com\/index.php?rest_route=%2Fwp%2Fv2%2Fmedia&parent=18"}],"curies":[{"name":"wp","href":"https:\/\/api.w.org\/{rel}","templated":true}]}}